{"id":103,"date":"2025-12-17T17:54:32","date_gmt":"2025-12-17T17:54:32","guid":{"rendered":"https:\/\/kotimaamarket.fi\/?page_id=103"},"modified":"2025-12-17T18:43:30","modified_gmt":"2025-12-17T18:43:30","slug":"polttopuut-keski-suomi","status":"publish","type":"page","link":"https:\/\/kotimaamarket.fi\/index.php\/maakunnat\/keski-suomi\/tuotteet-keski-suomi\/polttopuut-keski-suomi\/","title":{"rendered":"Polttopuut Keski-Suomi"},"content":{"rendered":"\n<p><strong>Majaneva Jarkko Kullervo<\/strong> \u2013 polttopuiden toimittaja Jyv\u00e4skyl\u00e4n Lepp\u00e4lahdesta<br><strong><a href=\"http:\/\/www.polttopuutmajaneva.com\" data-type=\"link\" data-id=\"www.polttopuutmajaneva.com\">www.polttopuutmajaneva.com<\/a><\/strong><\/p>\n\n\n\n<p><strong>Niinim\u00e4ki Wood<\/strong> \u2013 polttopuut ja puupalvelut Kangash\u00e4kiss\u00e4 \/ Jyv\u00e4skyl\u00e4n seudulla<br><a href=\"http:\/\/www.niinimaenpuu.fi\" data-type=\"link\" data-id=\"www.niinimaenpuu.fi\"><strong>www.niinimaenpuu.fi<\/strong><\/a><\/p>\n\n\n\n<p><strong>Toivakan Klapi<\/strong> \u2013 polttopuiden myynti Toivakasta (Keski-Suomi)<br><strong><a href=\"http:\/\/www.toivakanklapi.fi\" data-type=\"link\" data-id=\"www.toivakanklapi.fi\">www.toivakanklapi.fi<\/a><\/strong><\/p>\n\n\n\n<p><strong>Klapikeisari<\/strong> \u2013 polttopuuta Jyv\u00e4skyl\u00e4n alueelta<br><strong><a href=\"http:\/\/www.klapikeisari.fi\" data-type=\"link\" data-id=\"www.klapikeisari.fi\">www.klapikeisari.fi<\/a><\/strong><\/p>\n\n\n\n<p><strong>PPM-palvelut<\/strong> \u2013 Keski-Suomen alueen polttopuita (mm. J\u00e4ms\u00e4n alueelta)<br><strong><a href=\"http:\/\/www.ppmpalvelut.fi\" data-type=\"link\" data-id=\"www.ppmpalvelut.fi\">www.ppmpalvelut.fi<\/a><\/strong><\/p>\n","protected":false},"excerpt":{"rendered":"<p>Majaneva Jarkko Kullervo \u2013 polttopuiden toimittaja Jyv\u00e4skyl\u00e4n Lepp\u00e4lahdestawww.polttopuutmajaneva.com Niinim\u00e4ki Wood \u2013 polttopuut ja puupalvelut Kangash\u00e4kiss\u00e4 \/ Jyv\u00e4skyl\u00e4n seudullawww.niinimaenpuu.fi Toivakan Klapi \u2013 polttopuiden myynti Toivakasta (Keski-Suomi)www.toivakanklapi.fi Klapikeisari \u2013 polttopuuta Jyv\u00e4skyl\u00e4n alueeltawww.klapikeisari.fi<\/p>\n","protected":false},"author":1,"featured_media":0,"parent":76,"menu_order":0,"comment_status":"closed","ping_status":"closed","template":"","meta":{"_kadence_starter_templates_imported_post":false,"footnotes":""},"class_list":{"1":"page","2":"type-page","3":"status-publish","4":"hentry"},"_links":{"self":[{"href":"https:\/\/kotimaamarket.fi\/index.php\/wp-json\/wp\/v2\/pages\/103","targetHints":{"allow":["GET"]}}],"collection":[{"href":"https:\/\/kotimaamarket.fi\/index.php\/wp-json\/wp\/v2\/pages"}],"about":[{"href":"https:\/\/kotimaamarket.fi\/index.php\/wp-json\/wp\/v2\/types\/page"}],"author":[{"embeddable":true,"href":"https:\/\/kotimaamarket.fi\/index.php\/wp-json\/wp\/v2\/users\/1"}],"replies":[{"embeddable":true,"href":"https:\/\/kotimaamarket.fi\/index.php\/wp-json\/wp\/v2\/comments?post=103"}],"version-history":[{"count":6,"href":"https:\/\/kotimaamarket.fi\/index.php\/wp-json\/wp\/v2\/pages\/103\/revisions"}],"predecessor-version":[{"id":132,"href":"https:\/\/kotimaamarket.fi\/index.php\/wp-json\/wp\/v2\/pages\/103\/revisions\/132"}],"up":[{"embeddable":true,"href":"https:\/\/kotimaamarket.fi\/index.php\/wp-json\/wp\/v2\/pages\/76"}],"wp:attachment":[{"href":"https:\/\/kotimaamarket.fi\/index.php\/wp-json\/wp\/v2\/media?parent=103"}],"curies":[{"name":"wp","href":"https:\/\/api.w.org\/{rel}","templated":true}]}}