{"id":216,"date":"2025-12-18T18:00:52","date_gmt":"2025-12-18T18:00:52","guid":{"rendered":"https:\/\/kotimaamarket.fi\/?page_id=216"},"modified":"2025-12-20T21:52:01","modified_gmt":"2025-12-20T21:52:01","slug":"maatilat-keski-suomi","status":"publish","type":"page","link":"https:\/\/kotimaamarket.fi\/index.php\/maakunnat\/keski-suomi\/tuotteet-keski-suomi\/elintarvikkeet-keski-suomi\/maatilat-keski-suomi\/","title":{"rendered":"Maatilojen suoramyynti Keski-Suomi"},"content":{"rendered":"\n<p><strong>Lehtolan Limousin<\/strong><br>Lihatuotteiden suoramyynti. <br><strong>Sijainti:<\/strong> Puuppola, Keski-Suomi<br><a href=\"https:\/\/www.lehtolanlimousin.fi\/\">https:\/\/www.lehtolanlimousin.fi\/<\/a><\/p>\n\n\n\n<p><strong>Syrj\u00e4l\u00e4n tila<\/strong><br>Lihatuotteiden ja kukkien suoramyynti. Angusliha.<br><strong>Sijainti:<\/strong> Muurame, Keski-Suomi<br><strong>Nettisivut:<\/strong> <a href=\"https:\/\/syrjalantilamuurame.fi\/\">https:\/\/syrjalantilamuurame.fi\/<\/a><\/p>\n\n\n\n<p><strong>Sepp\u00e4l\u00e4n tila<\/strong><br>Lihatuotteiden suoramyynti. Laidunkaritsanlihaa.<br><strong>Sijainti:<\/strong> J\u00e4ms\u00e4, Keski-Suomi<br><strong>Nettisivut:<\/strong> <a href=\"http:\/\/www.seppalanmaatila.fi\/\" data-type=\"link\" data-id=\"http:\/\/www.seppalanmaatila.fi\/\">http:\/\/www.seppalanmaatila.fi\/<\/a><\/p>\n\n\n\n<p><strong>Jatkolan Tila<\/strong><br>Naudanlihatuotteiden suoramyynti.<br><strong>Sijainti:<\/strong> J\u00e4ms\u00e4, Keski-Suomi<br><strong>Nettisivut:<\/strong> <a href=\"https:\/\/www.jatkolantila.net\/4\" data-type=\"link\" data-id=\"https:\/\/www.jatkolantila.net\/4\">https:\/\/www.jatkolantila.net\/4<\/a><\/p>\n\n\n\n<p><strong>Pohjosahon tila<\/strong><br>Paikallisia maataloustuotteita. Lihasika, vihannekset, marjat.<br><strong>Sijainti:<\/strong> Kuusa (Keski-Suomi)<br><strong>Nettisivut:<\/strong> <a href=\"https:\/\/pohjosahontila.fi\/\">https:\/\/pohjosahontila.fi\/<\/a><\/p>\n\n\n\n<p><strong>Lepom\u00e4en pensasmustikka<\/strong><br>Luomupensasmustikoita ja muuta luomuviljelytuotantoa.<br><strong>Sijainti:<\/strong> Kuohu, Keski-Suomi<br><strong>Nettisivut:<\/strong> <a href=\"http:\/\/www.lepomaki.fi\/\" data-type=\"link\" data-id=\"http:\/\/www.lepomaki.fi\/\">http:\/\/www.lepomaki.fi\/<\/a><\/p>\n\n\n\n<p><strong>Suutalan mansikkatalo<\/strong><br>Mansikan itsepoiminta ja suoramyyntiin.<br><strong>Sijainti:<\/strong> Ritola, Keski-Suomi<br><strong>Nettisivut:<\/strong> <a href=\"http:\/\/www.mansikkatalo.fi\/\" data-type=\"link\" data-id=\"http:\/\/www.mansikkatalo.fi\/\">http:\/\/www.mansikkatalo.fi\/<\/a><\/p>\n\n\n\n<p><strong>Raution Mansikkatila<\/strong><br>Mansikan itsepoiminta ja suoramyynti.<br><strong>Sijainti:<\/strong> Sumiainen, Keski-Suomi<br><strong>Nettisivut:<\/strong> <a href=\"https:\/\/www.rautionmansikkatila.com\/itsepoiminta\" data-type=\"link\" data-id=\"https:\/\/www.rautionmansikkatila.com\/itsepoiminta\">https:\/\/www.rautionmansikkatila.com\/<\/a><\/p>\n\n\n\n<p><strong>Ohelan Tila Oy<\/strong><br>Lihatuotteiden suoramyynti.<br><strong>Sijainti:<\/strong> Korpilahti, Keski-Suomi<br><strong>Nettisivut:<\/strong> <a href=\"http:\/\/www.ohelanaukee.fi\/\" data-type=\"link\" data-id=\"http:\/\/www.ohelanaukee.fi\/\">http:\/\/www.ohelanaukee.fi\/<\/a><\/p>\n\n\n\n<p><\/p>\n","protected":false},"excerpt":{"rendered":"<p>Lehtolan LimousinLihatuotteiden suoramyynti. Sijainti: Puuppola, Keski-Suomihttps:\/\/www.lehtolanlimousin.fi\/ Syrj\u00e4l\u00e4n tilaLihatuotteiden ja kukkien suoramyynti. Angusliha.Sijainti: Muurame, Keski-SuomiNettisivut: https:\/\/syrjalantilamuurame.fi\/ Sepp\u00e4l\u00e4n tilaLihatuotteiden suoramyynti. Laidunkaritsanlihaa.Sijainti: J\u00e4ms\u00e4, Keski-SuomiNettisivut: http:\/\/www.seppalanmaatila.fi\/ Jatkolan TilaNaudanlihatuotteiden suoramyynti.Sijainti: J\u00e4ms\u00e4, Keski-SuomiNettisivut: https:\/\/www.jatkolantila.net\/4 Pohjosahon tilaPaikallisia<\/p>\n","protected":false},"author":1,"featured_media":0,"parent":221,"menu_order":0,"comment_status":"closed","ping_status":"closed","template":"","meta":{"_kadence_starter_templates_imported_post":false,"footnotes":""},"class_list":{"1":"page","2":"type-page","3":"status-publish","4":"hentry"},"_links":{"self":[{"href":"https:\/\/kotimaamarket.fi\/index.php\/wp-json\/wp\/v2\/pages\/216","targetHints":{"allow":["GET"]}}],"collection":[{"href":"https:\/\/kotimaamarket.fi\/index.php\/wp-json\/wp\/v2\/pages"}],"about":[{"href":"https:\/\/kotimaamarket.fi\/index.php\/wp-json\/wp\/v2\/types\/page"}],"author":[{"embeddable":true,"href":"https:\/\/kotimaamarket.fi\/index.php\/wp-json\/wp\/v2\/users\/1"}],"replies":[{"embeddable":true,"href":"https:\/\/kotimaamarket.fi\/index.php\/wp-json\/wp\/v2\/comments?post=216"}],"version-history":[{"count":9,"href":"https:\/\/kotimaamarket.fi\/index.php\/wp-json\/wp\/v2\/pages\/216\/revisions"}],"predecessor-version":[{"id":430,"href":"https:\/\/kotimaamarket.fi\/index.php\/wp-json\/wp\/v2\/pages\/216\/revisions\/430"}],"up":[{"embeddable":true,"href":"https:\/\/kotimaamarket.fi\/index.php\/wp-json\/wp\/v2\/pages\/221"}],"wp:attachment":[{"href":"https:\/\/kotimaamarket.fi\/index.php\/wp-json\/wp\/v2\/media?parent=216"}],"curies":[{"name":"wp","href":"https:\/\/api.w.org\/{rel}","templated":true}]}}