{"id":26,"date":"2025-12-15T20:20:29","date_gmt":"2025-12-15T20:20:29","guid":{"rendered":"https:\/\/kotimaamarket.fi\/?page_id=26"},"modified":"2025-12-15T21:58:44","modified_gmt":"2025-12-15T21:58:44","slug":"maakunnat","status":"publish","type":"page","link":"https:\/\/kotimaamarket.fi\/index.php\/maakunnat\/","title":{"rendered":"Maakunnat"},"content":{"rendered":"\n<p class=\"has-text-align-center\"><a href=\"https:\/\/kotimaamarket.fi\/index.php\/keski-suomi\/\" data-type=\"link\" data-id=\"https:\/\/kotimaamarket.fi\/index.php\/keski-suomi\/\">Keski-Suomi<\/a><\/p>\n\n\n\n<p class=\"has-text-align-center\">Uusimaa<\/p>\n\n\n\n<p class=\"has-text-align-center\">Pirkanmaa<\/p>\n\n\n\n<p class=\"has-text-align-center\">Varsinais-Suomi<\/p>\n\n\n\n<p class=\"has-text-align-center\">Satakunta<\/p>\n\n\n\n<p class=\"has-text-align-center\">P\u00e4ij\u00e4t-H\u00e4me<\/p>\n\n\n\n<p class=\"has-text-align-center\">Kymenlaakso<\/p>\n\n\n\n<p class=\"has-text-align-center\">Etel\u00e4-Karjala<\/p>\n\n\n\n<p class=\"has-text-align-center\">Pohjois-Karjala<\/p>\n\n\n\n<p class=\"has-text-align-center\">Etel\u00e4-Savo<\/p>\n\n\n\n<p class=\"has-text-align-center\">Pohjois-Savo<\/p>\n\n\n\n<p class=\"has-text-align-center\">Etel\u00e4-Pohjanmaa<\/p>\n\n\n\n<p class=\"has-text-align-center\">Pohjois-Pohjanmaa<\/p>\n\n\n\n<p class=\"has-text-align-center\">Keski-Pohjanmaa<\/p>\n\n\n\n<p class=\"has-text-align-center\">Lappi<\/p>\n","protected":false},"excerpt":{"rendered":"<p>Keski-Suomi Uusimaa Pirkanmaa Varsinais-Suomi Satakunta P\u00e4ij\u00e4t-H\u00e4me Kymenlaakso Etel\u00e4-Karjala Pohjois-Karjala Etel\u00e4-Savo Pohjois-Savo Etel\u00e4-Pohjanmaa Pohjois-Pohjanmaa Keski-Pohjanmaa Lappi<\/p>\n","protected":false},"author":1,"featured_media":0,"parent":0,"menu_order":2,"comment_status":"closed","ping_status":"closed","template":"","meta":{"_kadence_starter_templates_imported_post":false,"footnotes":""},"class_list":{"1":"page","2":"type-page","3":"status-publish","4":"hentry"},"_links":{"self":[{"href":"https:\/\/kotimaamarket.fi\/index.php\/wp-json\/wp\/v2\/pages\/26","targetHints":{"allow":["GET"]}}],"collection":[{"href":"https:\/\/kotimaamarket.fi\/index.php\/wp-json\/wp\/v2\/pages"}],"about":[{"href":"https:\/\/kotimaamarket.fi\/index.php\/wp-json\/wp\/v2\/types\/page"}],"author":[{"embeddable":true,"href":"https:\/\/kotimaamarket.fi\/index.php\/wp-json\/wp\/v2\/users\/1"}],"replies":[{"embeddable":true,"href":"https:\/\/kotimaamarket.fi\/index.php\/wp-json\/wp\/v2\/comments?post=26"}],"version-history":[{"count":2,"href":"https:\/\/kotimaamarket.fi\/index.php\/wp-json\/wp\/v2\/pages\/26\/revisions"}],"predecessor-version":[{"id":64,"href":"https:\/\/kotimaamarket.fi\/index.php\/wp-json\/wp\/v2\/pages\/26\/revisions\/64"}],"wp:attachment":[{"href":"https:\/\/kotimaamarket.fi\/index.php\/wp-json\/wp\/v2\/media?parent=26"}],"curies":[{"name":"wp","href":"https:\/\/api.w.org\/{rel}","templated":true}]}}