{"id":282,"date":"2025-12-19T19:25:36","date_gmt":"2025-12-19T19:25:36","guid":{"rendered":"https:\/\/kotimaamarket.fi\/?page_id=282"},"modified":"2026-01-02T15:03:24","modified_gmt":"2026-01-02T15:03:24","slug":"puusepantuotteet-keski-suomi","status":"publish","type":"page","link":"https:\/\/kotimaamarket.fi\/index.php\/maakunnat\/keski-suomi\/tuotteet-keski-suomi\/koti-ja-sisustus-keski-suomi\/puusepantuotteet-keski-suomi\/","title":{"rendered":"Puusep\u00e4ntuotteet Keski-Suomi"},"content":{"rendered":"\n<p><strong>Aittopuu Tmi<\/strong><br><strong>Palvelut:<\/strong> Puusep\u00e4n palvelut ja mittatilausty\u00f6t (rakennuspuusep\u00e4n ty\u00f6t).<br><strong>Paikkakunta:<\/strong> Jyv\u00e4skyl\u00e4<br><strong>Nettisivut:<\/strong> <a href=\"https:\/\/tietopalvelu.ytj.fi\/yritys\/1172356-2\">https:\/\/tietopalvelu.ytj.fi\/yritys\/1172356-2<\/a><\/p>\n\n\n\n<p><strong>J\u00e4ms\u00e4n H\u00f6yl\u00e4ys ja Puusep\u00e4nliike<\/strong><br><strong>Palvelut:<\/strong> Puusep\u00e4n ty\u00f6t sek\u00e4 puutavaran h\u00f6yl\u00e4ys ja ty\u00f6st\u00f6.<br><strong>Paikkakunta:<\/strong> Kaipola<br><strong>Nettisivut:<\/strong> <a href=\"https:\/\/jamsan-psl.fi\/tuotteet.htm\">https:\/\/jamsan-psl.fi\/tuotteet.htm<\/a><\/p>\n\n\n\n<p><strong>Luolam\u00e4en Puu\u2011Tek<\/strong><br><strong>Palvelut:<\/strong> Puusep\u00e4n ty\u00f6t ja erilaiset puutuotteet.<br><strong>Paikkakunta:<\/strong> Keuruu<br><strong>Nettisivut:<\/strong> Ei omia nettisivuja. <a href=\"https:\/\/tietopalvelu.ytj.fi\/yritys\/2083077-3\">https:\/\/tietopalvelu.ytj.fi\/yritys\/2083077-3<\/a><\/p>\n\n\n\n<p><strong>Muuratpuu Pohjonen Oy<\/strong><br><strong>Palvelut:<\/strong> Erikois\u2011 ja kiintokalusteiden suunnittelu, valmistus ja asennus.<br><strong>Paikkakunta:<\/strong> Muurame<br><strong>Nettisivut:<\/strong> <a href=\"https:\/\/www.muuratpuu.fi\/?utm_source=chatgpt.com\">https:\/\/www.muuratpuu.fi\/<\/a><\/p>\n\n\n\n<p><strong>Nikkarointikulma<\/strong><br><strong>Palvelut:<\/strong> Puusep\u00e4n palvelut ja k\u00e4sity\u00f6tuotteet.<br><strong>Paikkakunta:<\/strong> J\u00e4ms\u00e4<br><strong>Nettisivut:<\/strong> Ei omia nettisivuja. <a href=\"https:\/\/tietopalvelu.ytj.fi\/yritys\/2210392-4\">https:\/\/tietopalvelu.ytj.fi\/yritys\/2210392-4<\/a><\/p>\n\n\n\n<p><strong>Pyk\u00e4l\u00e4isen Puusep\u00e4nliike<\/strong><br><strong>Palvelut:<\/strong> Puusep\u00e4n palvelut ja mittatilaustuotteet.<br><strong>Paikkakunta:<\/strong> Viitasaari<br><strong>Nettisivut:<\/strong> Ei omia nettisivuja. <a href=\"https:\/\/tietopalvelu.ytj.fi\/yritys\/2049974-2\">https:\/\/tietopalvelu.ytj.fi\/yritys\/2049974-2<\/a><\/p>\n\n\n\n<p><strong>Stelo Ky<\/strong><br><strong>Palvelut:<\/strong> Puusep\u00e4n ja kalusteiden valmistus ja myynti.<br><strong>Paikkakunta:<\/strong> Jyv\u00e4skyl\u00e4<br><strong>Nettisivut:<\/strong> Ei omia nettisivuja. <a href=\"https:\/\/tietopalvelu.ytj.fi\/yritys\/2766824-6\">https:\/\/tietopalvelu.ytj.fi\/yritys\/2766824-6<\/a><\/p>\n\n\n\n<p><strong>Jalopuu<\/strong><br><strong>Palvelut:<\/strong> Puusep\u00e4n mittatilausty\u00f6t ja puutuotteet.<br><strong>Paikkakunta:<\/strong> Jyv\u00e4skyl\u00e4<br><strong>Nettisivut:<\/strong> <a href=\"https:\/\/www.jalopuu.fi\/\">https:\/\/www.jalopuu.fi\/<\/a><\/p>\n","protected":false},"excerpt":{"rendered":"<p>Aittopuu TmiPalvelut: Puusep\u00e4n palvelut ja mittatilausty\u00f6t (rakennuspuusep\u00e4n ty\u00f6t).Paikkakunta: Jyv\u00e4skyl\u00e4Nettisivut: https:\/\/tietopalvelu.ytj.fi\/yritys\/1172356-2 J\u00e4ms\u00e4n H\u00f6yl\u00e4ys ja Puusep\u00e4nliikePalvelut: Puusep\u00e4n ty\u00f6t sek\u00e4 puutavaran h\u00f6yl\u00e4ys ja ty\u00f6st\u00f6.Paikkakunta: KaipolaNettisivut: https:\/\/jamsan-psl.fi\/tuotteet.htm Luolam\u00e4en Puu\u2011TekPalvelut: Puusep\u00e4n ty\u00f6t ja erilaiset puutuotteet.Paikkakunta:<\/p>\n","protected":false},"author":1,"featured_media":0,"parent":362,"menu_order":0,"comment_status":"closed","ping_status":"closed","template":"","meta":{"_kadence_starter_templates_imported_post":false,"footnotes":""},"class_list":{"1":"page","2":"type-page","3":"status-publish","4":"hentry"},"_links":{"self":[{"href":"https:\/\/kotimaamarket.fi\/index.php\/wp-json\/wp\/v2\/pages\/282","targetHints":{"allow":["GET"]}}],"collection":[{"href":"https:\/\/kotimaamarket.fi\/index.php\/wp-json\/wp\/v2\/pages"}],"about":[{"href":"https:\/\/kotimaamarket.fi\/index.php\/wp-json\/wp\/v2\/types\/page"}],"author":[{"embeddable":true,"href":"https:\/\/kotimaamarket.fi\/index.php\/wp-json\/wp\/v2\/users\/1"}],"replies":[{"embeddable":true,"href":"https:\/\/kotimaamarket.fi\/index.php\/wp-json\/wp\/v2\/comments?post=282"}],"version-history":[{"count":3,"href":"https:\/\/kotimaamarket.fi\/index.php\/wp-json\/wp\/v2\/pages\/282\/revisions"}],"predecessor-version":[{"id":291,"href":"https:\/\/kotimaamarket.fi\/index.php\/wp-json\/wp\/v2\/pages\/282\/revisions\/291"}],"up":[{"embeddable":true,"href":"https:\/\/kotimaamarket.fi\/index.php\/wp-json\/wp\/v2\/pages\/362"}],"wp:attachment":[{"href":"https:\/\/kotimaamarket.fi\/index.php\/wp-json\/wp\/v2\/media?parent=282"}],"curies":[{"name":"wp","href":"https:\/\/api.w.org\/{rel}","templated":true}]}}