{"id":454,"date":"2026-01-02T14:03:08","date_gmt":"2026-01-02T14:03:08","guid":{"rendered":"https:\/\/kotimaamarket.fi\/?page_id=454"},"modified":"2026-01-02T15:26:37","modified_gmt":"2026-01-02T15:26:37","slug":"leipomot-keski-suomi","status":"publish","type":"page","link":"https:\/\/kotimaamarket.fi\/index.php\/maakunnat\/keski-suomi\/tuotteet-keski-suomi\/elintarvikkeet-keski-suomi\/leipomot-keski-suomi\/","title":{"rendered":"Leipomotuotteet Keski-Suomi"},"content":{"rendered":"\n<h2 class=\"wp-block-heading\"><strong>Jyv\u00e4skyl\u00e4<\/strong><\/h2>\n\n\n\n<p><strong>JuuriBakery<\/strong> \u2013 Hapanjuurileiv\u00e4t, suolaiset ja makeat kakut Palokassa.<br><a href=\"https:\/\/juuribakery-5.webnode.page\/\">https:\/\/juuribakery-5.webnode.page\/<\/a><\/p>\n\n\n\n<p><strong>Ruthin leipomo Oy<\/strong> \u2013 Perinteisi\u00e4 leipi\u00e4, pullaa, leivonnaisia.<br><a href=\"https:\/\/ruthinleipomo.fi\/?utm_source=chatgpt.com\">https:\/\/ruthinleipomo.fi\/<\/a><\/p>\n\n\n\n<p><strong>Ruthin Leipomo Sepp\u00e4l\u00e4<\/strong> \u2013 Ruthin leipomon myym\u00e4l\u00e4 Jyv\u00e4skyl\u00e4n Sepp\u00e4l\u00e4ss\u00e4.<br><a>http:\/\/www.ruthinleipomo.fi\/<\/a><\/p>\n\n\n\n<p><strong>Jyv\u00e4s Pakari Oy<\/strong> \u2013 K\u00e4sintehtyj\u00e4 suolaisia ja makeita leipi\u00e4.<br><a href=\"http:\/\/www.jyvaspakari.fi\/\" data-type=\"link\" data-id=\"http:\/\/www.jyvaspakari.fi\/\">http:\/\/www.jyvaspakari.fi\/<\/a><\/p>\n\n\n\n<p><strong>Miriam&#8217;s leipomo-konditoria<\/strong> \u2013 Leipomo-konditoria, tuoreet leivonnaiset.<br><a href=\"https:\/\/www.miriams.fi\/\">https:\/\/www.miriams.fi\/<\/a><\/p>\n\n\n\n<p><strong>Jysk\u00e4n Hovileipurit Ky<\/strong> \u2013 Paikallinen leipomo Vaajakoskella.<br>Ei omia nettisivuja. <a href=\"https:\/\/tietopalvelu.ytj.fi\/yritys\/0648236-2\">https:\/\/tietopalvelu.ytj.fi\/yritys\/0648236-2<\/a><\/p>\n\n\n\n<p><strong>Caffitella leipomomyym\u00e4l\u00e4<\/strong> \u2013 Leipomomyym\u00e4l\u00e4 ja kahviherkut Jyv\u00e4skyl\u00e4ss\u00e4.<br><a href=\"https:\/\/caffitella.fi\/toimipaikat\/leipomomyymala\/\" data-type=\"link\" data-id=\"https:\/\/caffitella.fi\/toimipaikat\/leipomomyymala\/\">https:\/\/caffitella.fi\/toimipaikat\/leipomomyymala\/<\/a><\/p>\n\n\n\n<h2 class=\"wp-block-heading\"><strong>J\u00e4ms\u00e4<\/strong><\/h2>\n\n\n\n<p><strong>Elonen Oy Bakery<\/strong> \u2013 Suuri perheleipomo, leip\u00e4\u00e4 ja makeita tuotteita arkeen ja juhlaan.<br><a href=\"http:\/\/www.elonen.fi\/\">http:\/\/www.elonen.fi\/<\/a><\/p>\n\n\n\n<p><strong>Kakkupaikka<\/strong> \u2013 J\u00e4ms\u00e4n konditoria-leipomo<br>Ei omia nettisivuja. <a href=\"https:\/\/tietopalvelu.ytj.fi\/yritys\/2549599-4\">https:\/\/tietopalvelu.ytj.fi\/yritys\/2549599-4<\/a><\/p>\n\n\n\n<h2 class=\"wp-block-heading\"><strong>\u00c4\u00e4nekoski<\/strong><\/h2>\n\n\n\n<p><strong>Caffitella<\/strong> \u2013 Kahvila ja leipomotuotteita \u00c4\u00e4nekosken keskustassa.<br><a href=\"http:\/\/www.caffitella.fi\/\" data-type=\"link\" data-id=\"http:\/\/www.caffitella.fi\/\">http:\/\/www.caffitella.fi\/<\/a><\/p>\n\n\n\n<p><strong>Wilhelmiinan Konditoria<\/strong> \u2013 Konditoria-leipomotuotteita \u00c4\u00e4nekoskella.<br><a href=\"https:\/\/www.wilhelmiinankonditoria.fi\/\">https:\/\/www.wilhelmiinankonditoria.fi\/<\/a><\/p>\n\n\n\n<h2 class=\"wp-block-heading\"><strong>Laukaa<\/strong><\/h2>\n\n\n\n<p><strong>Peurunka Bakery<\/strong> \u2013 Makeat ja suolaiset herkut arkeen ja juhlaan Laukaasta<br><a href=\"https:\/\/peurunka.fi\/ravintolat\/peurunka-bakery\/\">https:\/\/peurunka.fi\/ravintolat\/peurunka-bakery\/<\/a><\/p>\n\n\n\n<p><strong>Riihipellon Leip\u00e4puu Kotileipomo Tmi<\/strong> (Lievestuore) \u2013 Paikallisia leipomotuotteita.<br><a href=\"https:\/\/tietopalvelu.ytj.fi\/yritys\/2055778-9\">https:\/\/tietopalvelu.ytj.fi\/yritys\/2055778-9<\/a><\/p>\n\n\n\n<h2 class=\"wp-block-heading\"><strong>Keuruu<\/strong><\/h2>\n\n\n\n<p><strong>Liisan Neilikka<\/strong> \u2013 Leipomotuotteita ja leipi\u00e4.<br><a href=\"https:\/\/liisan-neilikka.sumupstore.com\/\">https:\/\/liisan-neilikka.sumupstore.com\/<\/a><\/p>\n\n\n\n<p><strong>Antila Laura Katariina<\/strong> \u2013 Leiv\u00e4n valmistus, tuoreiden leivonnaisten ja kakkujen valmistus<br><a href=\"https:\/\/tietopalvelu.ytj.fi\/yritys\/3292701-1\">https:\/\/tietopalvelu.ytj.fi\/yritys\/3292701-1<\/a><\/p>\n\n\n\n<p><strong>JR-Measure Oy <\/strong>&#8211; Leiv\u00e4n valmistus, tuoreiden leivonnaisten ja kakkujen valmistus<br><a href=\"https:\/\/tietopalvelu.ytj.fi\/yritys\/0749593-1\">https:\/\/tietopalvelu.ytj.fi\/yritys\/0749593-1<\/a><\/p>\n\n\n\n<h2 class=\"wp-block-heading\"><strong>Toivakka<\/strong><\/h2>\n\n\n\n<h2 class=\"wp-block-heading\"><strong>Kyyj\u00e4rvi \/ Konnevesi \/ Muut<\/strong><\/h2>\n\n\n\n<p><strong>Kotileipomo Elsa\u2019s<\/strong> (Kyyj\u00e4rvi) \u2013 Paikallinen kotileipomo.<br><a href=\"https:\/\/tietopalvelu.ytj.fi\/yritys\/3411325-7\">https:\/\/tietopalvelu.ytj.fi\/yritys\/3411325-7<\/a><\/p>\n\n\n\n<p><strong>Karjalaisen Kotileipomo<\/strong> (Kannonkoski) \u2013 Paikallisia leipomotuotteita.<br><a href=\"https:\/\/tietopalvelu.ytj.fi\/yritys\/2360330-6\">https:\/\/tietopalvelu.ytj.fi\/yritys\/2360330-6<\/a><\/p>\n\n\n\n<p><strong>Laulumaa Kornnapat<\/strong> (Kinnula) \u2013 Pieni kotileipomo.<br><a href=\"https:\/\/tietopalvelu.ytj.fi\/yritys\/3336559-1\">https:\/\/tietopalvelu.ytj.fi\/yritys\/3336559-1<\/a><\/p>\n\n\n\n<p><strong>Matilaisen Kotileipomo Tmi<\/strong> (Saarij\u00e4rvi) \u2013 Paikallisia leipomotuotteita.<br><a href=\"https:\/\/tietopalvelu.ytj.fi\/yritys\/1953367-5\">https:\/\/tietopalvelu.ytj.fi\/yritys\/1953367-5<\/a><\/p>\n","protected":false},"excerpt":{"rendered":"<p>Jyv\u00e4skyl\u00e4 JuuriBakery \u2013 Hapanjuurileiv\u00e4t, suolaiset ja makeat kakut Palokassa.https:\/\/juuribakery-5.webnode.page\/ Ruthin leipomo Oy \u2013 Perinteisi\u00e4 leipi\u00e4, pullaa, leivonnaisia.https:\/\/ruthinleipomo.fi\/ Ruthin Leipomo Sepp\u00e4l\u00e4 \u2013 Ruthin leipomon myym\u00e4l\u00e4 Jyv\u00e4skyl\u00e4n Sepp\u00e4l\u00e4ss\u00e4.http:\/\/www.ruthinleipomo.fi\/ Jyv\u00e4s Pakari Oy \u2013<\/p>\n","protected":false},"author":1,"featured_media":0,"parent":221,"menu_order":0,"comment_status":"closed","ping_status":"closed","template":"","meta":{"_kadence_starter_templates_imported_post":false,"footnotes":""},"class_list":{"1":"page","2":"type-page","3":"status-publish","4":"hentry"},"_links":{"self":[{"href":"https:\/\/kotimaamarket.fi\/index.php\/wp-json\/wp\/v2\/pages\/454","targetHints":{"allow":["GET"]}}],"collection":[{"href":"https:\/\/kotimaamarket.fi\/index.php\/wp-json\/wp\/v2\/pages"}],"about":[{"href":"https:\/\/kotimaamarket.fi\/index.php\/wp-json\/wp\/v2\/types\/page"}],"author":[{"embeddable":true,"href":"https:\/\/kotimaamarket.fi\/index.php\/wp-json\/wp\/v2\/users\/1"}],"replies":[{"embeddable":true,"href":"https:\/\/kotimaamarket.fi\/index.php\/wp-json\/wp\/v2\/comments?post=454"}],"version-history":[{"count":7,"href":"https:\/\/kotimaamarket.fi\/index.php\/wp-json\/wp\/v2\/pages\/454\/revisions"}],"predecessor-version":[{"id":493,"href":"https:\/\/kotimaamarket.fi\/index.php\/wp-json\/wp\/v2\/pages\/454\/revisions\/493"}],"up":[{"embeddable":true,"href":"https:\/\/kotimaamarket.fi\/index.php\/wp-json\/wp\/v2\/pages\/221"}],"wp:attachment":[{"href":"https:\/\/kotimaamarket.fi\/index.php\/wp-json\/wp\/v2\/media?parent=454"}],"curies":[{"name":"wp","href":"https:\/\/api.w.org\/{rel}","templated":true}]}}