{"id":48,"date":"2025-12-15T21:05:44","date_gmt":"2025-12-15T21:05:44","guid":{"rendered":"https:\/\/kotimaamarket.fi\/?page_id=48"},"modified":"2025-12-20T20:33:14","modified_gmt":"2025-12-20T20:33:14","slug":"kotimaisen-tyon-puolesta-tietoa-kotimaamarketista","status":"publish","type":"page","link":"https:\/\/kotimaamarket.fi\/index.php\/kotimaisen-tyon-puolesta-tietoa-kotimaamarketista\/","title":{"rendered":"Kotimaisen ty\u00f6n puolesta \u2013 tietoa Kotimaamarketista"},"content":{"rendered":"\n<p class=\"has-text-align-left\"><strong>Kukapa Suomen h\u00e4nn\u00e4n nostaisi, jollei Suomi itse?<\/strong><\/p>\n\n\n\n<p class=\"has-text-align-left\">Kotimaamarket on perustettu helpottamaan kotimaisten tuotteiden sek\u00e4 palveluiden l\u00f6yt\u00e4mist\u00e4 ja kannustamaan niiden ostamiseen. Kuka tahansa suomalaisia tuotteita tai palveluita myyv\u00e4 yritys voi liitty\u00e4 ilmaiseksi. Ehtona on, ett\u00e4 myyt suomalaisia tuotteita tai palveluita ja vuosiliikevaihtosi on alle 10 miljoonaa euroa.<\/p>\n\n\n\n<p><strong>Kotimaamarketin palvelut yrityksille<\/strong><\/p>\n\n\n\n<p><strong>Pienten suomalaisten yritysten yhteinen verkkokauppa<br><\/strong> -N\u00e4kyvyytt\u00e4 ja lis\u00e4myynti\u00e4 yrityksellesi<br> -Myynnin voi aloittaa verkossa ilman omaa verkkokauppaa<br><strong>Suomalaisten tuotteiden ja palveluiden ilmainen yrityshakemisto<br><\/strong> -Tule l\u00f6ydetyksi helpommin<br><strong>Varastopalvelut verkkokaupoille<br><\/strong> -Huolehdimme varastostasi ja tilausten k\u00e4sittelyst\u00e4<br> -Autamme optimoimaan varastotasosi<br><strong>Pop-up myym\u00e4l\u00e4t<br><\/strong> -Pop-up myym\u00e4l\u00f6iden perustaminen kumppaniyritysten puolesta<br><strong>Markkinointi<br><\/strong> -Ostamme mainostilaa eri medioista ja jaamme sit\u00e4 useammalle yritykselle<\/p>\n\n\n\n<p><\/p>\n\n\n\n<p>Kotimaamarketin perustaja on YAMK-logistiikkainsin\u00f6\u00f6ri Mikko Saikkonen, jolla on pitk\u00e4 kokemus digitaalisten toimitusketjujen kehitt\u00e4misest\u00e4. Mikko toimii my\u00f6s verkkokauppiaille varastopalveluita tarjoavan Riitto Oy:n operatiivisena johtajan. Ota yhteytt\u00e4 ja mietit\u00e4\u00e4n yhdess\u00e4, miten Kotimaamarket voi yrityst\u00e4si parhaiten tukea.<\/p>\n\n\n\n<figure class=\"wp-block-image size-full is-resized\"><img loading=\"lazy\" decoding=\"async\" width=\"768\" height=\"1024\" src=\"https:\/\/kotimaamarket.fi\/wp-content\/uploads\/2025\/12\/saikkonenmikkokasvorajaus3874.jpg\" alt=\"\" class=\"wp-image-298\" style=\"aspect-ratio:0.7500173358296928;width:145px;height:auto\" srcset=\"https:\/\/kotimaamarket.fi\/wp-content\/uploads\/2025\/12\/saikkonenmikkokasvorajaus3874.jpg 768w, https:\/\/kotimaamarket.fi\/wp-content\/uploads\/2025\/12\/saikkonenmikkokasvorajaus3874-300x400.jpg 300w, https:\/\/kotimaamarket.fi\/wp-content\/uploads\/2025\/12\/saikkonenmikkokasvorajaus3874-225x300.jpg 225w\" sizes=\"auto, (max-width: 768px) 100vw, 768px\" \/><\/figure>\n","protected":false},"excerpt":{"rendered":"<p>Kukapa Suomen h\u00e4nn\u00e4n nostaisi, jollei Suomi itse? Kotimaamarket on perustettu helpottamaan kotimaisten tuotteiden sek\u00e4 palveluiden l\u00f6yt\u00e4mist\u00e4 ja kannustamaan niiden ostamiseen. Kuka tahansa suomalaisia tuotteita tai palveluita myyv\u00e4 yritys voi liitty\u00e4<\/p>\n","protected":false},"author":1,"featured_media":0,"parent":0,"menu_order":6,"comment_status":"closed","ping_status":"closed","template":"","meta":{"_kadence_starter_templates_imported_post":false,"footnotes":""},"class_list":{"1":"page","2":"type-page","3":"status-publish","4":"hentry"},"_links":{"self":[{"href":"https:\/\/kotimaamarket.fi\/index.php\/wp-json\/wp\/v2\/pages\/48","targetHints":{"allow":["GET"]}}],"collection":[{"href":"https:\/\/kotimaamarket.fi\/index.php\/wp-json\/wp\/v2\/pages"}],"about":[{"href":"https:\/\/kotimaamarket.fi\/index.php\/wp-json\/wp\/v2\/types\/page"}],"author":[{"embeddable":true,"href":"https:\/\/kotimaamarket.fi\/index.php\/wp-json\/wp\/v2\/users\/1"}],"replies":[{"embeddable":true,"href":"https:\/\/kotimaamarket.fi\/index.php\/wp-json\/wp\/v2\/comments?post=48"}],"version-history":[{"count":16,"href":"https:\/\/kotimaamarket.fi\/index.php\/wp-json\/wp\/v2\/pages\/48\/revisions"}],"predecessor-version":[{"id":355,"href":"https:\/\/kotimaamarket.fi\/index.php\/wp-json\/wp\/v2\/pages\/48\/revisions\/355"}],"wp:attachment":[{"href":"https:\/\/kotimaamarket.fi\/index.php\/wp-json\/wp\/v2\/media?parent=48"}],"curies":[{"name":"wp","href":"https:\/\/api.w.org\/{rel}","templated":true}]}}