{"id":50,"date":"2025-12-15T21:08:40","date_gmt":"2025-12-15T21:08:40","guid":{"rendered":"https:\/\/kotimaamarket.fi\/?page_id=50"},"modified":"2025-12-20T19:01:57","modified_gmt":"2025-12-20T19:01:57","slug":"haluatko-yrityksesi-mukaan-kotimaamarkettiin","status":"publish","type":"page","link":"https:\/\/kotimaamarket.fi\/index.php\/haluatko-yrityksesi-mukaan-kotimaamarkettiin\/","title":{"rendered":"Haluatko yrityksesi mukaan Kotimaamarkettiin?"},"content":{"rendered":"\n<p>Kotimaamarkettiin liittyminen ja yrityksen esille laitto on kaikille suomalaisia tuotteita tai palveluita myyville ja alle 10 miljoonan euron vuosiliikevaihtoa tekeville yrityksille ilmaista.<\/p>\n\n\n\n<p>Mik\u00e4li haluat myyd\u00e4 tuotteitasi Kotimaamarketissa, on kaupank\u00e4ynnin malli niin kutsuttu dropshipping-malli, jossa yritys toimittaa tuotteet suoraan loppuasiakkaalle ilman, ett\u00e4 ne k\u00e4yv\u00e4t Kotimaamarketin varastolla. Kotimaamarket perustaa sivuston sis\u00e4lle yrityksellesi oman &#8221;kaupan&#8221; ja sille tuotteet. Varastopalveluista voidaan sopia erikseen.<\/p>\n\n\n\n<p>Kotimaamarketin provisio myynnist\u00e4 sovitaan aina erikseen.<\/p>\n\n\n\n<p>Mik\u00e4li sinulla ei ole omaa verkkokauppaa, johon tuotteet voidaan suoraan linkitt\u00e4\u00e4, on kuukausimaksu tuotteiden yll\u00e4pidolle 3,00 \u20ac\/tuote alv 0%. Minimiveloitus kuitenkin 15,00 \u20ac\/kk alv 0%. Tuotetietojen muokkauksesta perit\u00e4\u00e4n 3,00 \u20ac\/muokkaus alv 0%.<\/p>\n\n\n\n<p><strong>Kuinka aloittaa?<\/strong><\/p>\n\n\n\n<p>1. Ota meihin yhteytt\u00e4 etusivulta l\u00f6ytyv\u00e4ll\u00e4 yhteydenottolomakkeella.<\/p>\n\n\n\n<p>2. Kotimaamarket on sinuun yhteyksiss\u00e4. Sovitaan esille laitettavista tuotteista tai palveluista ja muista tarpeista.<\/p>\n\n\n\n<p>3. L\u00e4het\u00e4 tarvittava materiaali, kuten tuotetiedot ja kuvat.<\/p>\n\n\n\n<p>4. Kotimaamarket lis\u00e4\u00e4 yrityksesi sivuilleen ja lis\u00e4\u00e4 halutut tuotteet kauppaan.<\/p>\n\n\n\n<p>5. Yrityksesi on mukana oman kategoriansa ja alueensa yrityslistalla ja haluamasi tuotteet myynniss\u00e4 Kotimaamarketissa.<\/p>\n","protected":false},"excerpt":{"rendered":"<p>Kotimaamarkettiin liittyminen ja yrityksen esille laitto on kaikille suomalaisia tuotteita tai palveluita myyville ja alle 10 miljoonan euron vuosiliikevaihtoa tekeville yrityksille ilmaista. Mik\u00e4li haluat myyd\u00e4 tuotteitasi Kotimaamarketissa, on kaupank\u00e4ynnin malli<\/p>\n","protected":false},"author":1,"featured_media":0,"parent":0,"menu_order":7,"comment_status":"closed","ping_status":"closed","template":"","meta":{"_kadence_starter_templates_imported_post":false,"footnotes":""},"class_list":{"1":"page","2":"type-page","3":"status-publish","4":"hentry"},"_links":{"self":[{"href":"https:\/\/kotimaamarket.fi\/index.php\/wp-json\/wp\/v2\/pages\/50","targetHints":{"allow":["GET"]}}],"collection":[{"href":"https:\/\/kotimaamarket.fi\/index.php\/wp-json\/wp\/v2\/pages"}],"about":[{"href":"https:\/\/kotimaamarket.fi\/index.php\/wp-json\/wp\/v2\/types\/page"}],"author":[{"embeddable":true,"href":"https:\/\/kotimaamarket.fi\/index.php\/wp-json\/wp\/v2\/users\/1"}],"replies":[{"embeddable":true,"href":"https:\/\/kotimaamarket.fi\/index.php\/wp-json\/wp\/v2\/comments?post=50"}],"version-history":[{"count":10,"href":"https:\/\/kotimaamarket.fi\/index.php\/wp-json\/wp\/v2\/pages\/50\/revisions"}],"predecessor-version":[{"id":327,"href":"https:\/\/kotimaamarket.fi\/index.php\/wp-json\/wp\/v2\/pages\/50\/revisions\/327"}],"wp:attachment":[{"href":"https:\/\/kotimaamarket.fi\/index.php\/wp-json\/wp\/v2\/media?parent=50"}],"curies":[{"name":"wp","href":"https:\/\/api.w.org\/{rel}","templated":true}]}}