{"id":52,"date":"2025-12-15T21:10:38","date_gmt":"2025-12-15T21:10:38","guid":{"rendered":"https:\/\/kotimaamarket.fi\/?page_id=52"},"modified":"2025-12-19T18:14:18","modified_gmt":"2025-12-19T18:14:18","slug":"tarvitsetko-varasto-ja-postituspalvelua-verkkokaupallesi","status":"publish","type":"page","link":"https:\/\/kotimaamarket.fi\/index.php\/tarvitsetko-varasto-ja-postituspalvelua-verkkokaupallesi\/","title":{"rendered":"Tarvitsetko varasto- ja postituspalvelua verkkokaupallesi?"},"content":{"rendered":"\n<p>Teemme yhteisty\u00f6t\u00e4 verkkokauppojen varastopalveluihin erikoistuneen Riitto Oy:n kanssa.<\/p>\n\n\n\n<p>Ulkoista verkkokauppasi varastotoiminnot ja keskity itse varsinaiseen liiketoimintaasi.<\/p>\n\n\n\n<p>Riitto hoitaa varastoty\u00f6t kustannustehokkaasti, ammattitaidolla ja hyv\u00e4ll\u00e4 asenteella.<\/p>\n\n\n\n<p><a href=\"http:\/\/www.riitto.fi\" data-type=\"link\" data-id=\"www.riitto.fi\">www.riitto.fi<\/a><\/p>\n\n\n\n<p><\/p>\n","protected":false},"excerpt":{"rendered":"<p>Teemme yhteisty\u00f6t\u00e4 verkkokauppojen varastopalveluihin erikoistuneen Riitto Oy:n kanssa. Ulkoista verkkokauppasi varastotoiminnot ja keskity itse varsinaiseen liiketoimintaasi. Riitto hoitaa varastoty\u00f6t kustannustehokkaasti, ammattitaidolla ja hyv\u00e4ll\u00e4 asenteella. www.riitto.fi<\/p>\n","protected":false},"author":1,"featured_media":0,"parent":0,"menu_order":8,"comment_status":"closed","ping_status":"closed","template":"","meta":{"_kadence_starter_templates_imported_post":false,"footnotes":""},"class_list":{"1":"page","2":"type-page","3":"status-publish","4":"hentry"},"_links":{"self":[{"href":"https:\/\/kotimaamarket.fi\/index.php\/wp-json\/wp\/v2\/pages\/52","targetHints":{"allow":["GET"]}}],"collection":[{"href":"https:\/\/kotimaamarket.fi\/index.php\/wp-json\/wp\/v2\/pages"}],"about":[{"href":"https:\/\/kotimaamarket.fi\/index.php\/wp-json\/wp\/v2\/types\/page"}],"author":[{"embeddable":true,"href":"https:\/\/kotimaamarket.fi\/index.php\/wp-json\/wp\/v2\/users\/1"}],"replies":[{"embeddable":true,"href":"https:\/\/kotimaamarket.fi\/index.php\/wp-json\/wp\/v2\/comments?post=52"}],"version-history":[{"count":2,"href":"https:\/\/kotimaamarket.fi\/index.php\/wp-json\/wp\/v2\/pages\/52\/revisions"}],"predecessor-version":[{"id":261,"href":"https:\/\/kotimaamarket.fi\/index.php\/wp-json\/wp\/v2\/pages\/52\/revisions\/261"}],"wp:attachment":[{"href":"https:\/\/kotimaamarket.fi\/index.php\/wp-json\/wp\/v2\/media?parent=52"}],"curies":[{"name":"wp","href":"https:\/\/api.w.org\/{rel}","templated":true}]}}